{"id":534,"date":"2026-03-07T11:14:52","date_gmt":"2026-03-07T11:14:52","guid":{"rendered":"https:\/\/mickael-pantin.com\/?page_id=534"},"modified":"2026-03-07T14:28:16","modified_gmt":"2026-03-07T14:28:16","slug":"index","status":"publish","type":"page","link":"https:\/\/mickael-pantin.com\/","title":{"rendered":"Home"},"content":{"rendered":"\n<div class=\"wp-block-group alignfull has-global-padding is-layout-constrained wp-container-core-group-is-layout-2501484b wp-block-group-is-layout-constrained\" style=\"padding-top:0;padding-right:var(--wp--preset--spacing--50);padding-bottom:0;padding-left:var(--wp--preset--spacing--50)\">\n<div class=\"wp-block-group has-global-padding is-layout-constrained wp-container-core-group-is-layout-99af612c wp-block-group-is-layout-constrained\" style=\"padding-top:0;padding-bottom:0\">\n<figure class=\"wp-block-image aligncenter size-large is-resized\" style=\"margin-top:0;margin-bottom:0\"><img loading=\"lazy\" decoding=\"async\" width=\"1024\" height=\"557\" src=\"https:\/\/mickael-pantin.com\/wp-content\/uploads\/2025\/10\/bandeau-1-1024x557.jpg\" alt=\"\" class=\"wp-image-247\" style=\"width:1200px;height:auto\" srcset=\"https:\/\/mickael-pantin.com\/wp-content\/uploads\/2025\/10\/bandeau-1-1024x557.jpg 1024w, https:\/\/mickael-pantin.com\/wp-content\/uploads\/2025\/10\/bandeau-1-300x163.jpg 300w, https:\/\/mickael-pantin.com\/wp-content\/uploads\/2025\/10\/bandeau-1-768x418.jpg 768w, https:\/\/mickael-pantin.com\/wp-content\/uploads\/2025\/10\/bandeau-1-1536x836.jpg 1536w, https:\/\/mickael-pantin.com\/wp-content\/uploads\/2025\/10\/bandeau-1-2048x1115.jpg 2048w\" sizes=\"auto, (max-width: 1024px) 100vw, 1024px\" \/><\/figure>\n\n\n\n<div style=\"height:61px\" aria-hidden=\"true\" class=\"wp-block-spacer\"><\/div>\n\n\n\n<h1 class=\"wp-block-heading has-text-align-center has-x-large-font-size\">L&rsquo;industrie en Lumi\u00e8re<\/h1>\n\n\n\n<div class=\"wp-block-group is-vertical is-content-justification-center is-layout-flex wp-container-core-group-is-layout-24a0bb6b wp-block-group-is-layout-flex\" style=\"margin-top:0;margin-bottom:0;padding-right:0px;padding-left:0px\">\n<div style=\"height:15px\" aria-hidden=\"true\" class=\"wp-block-spacer wp-container-content-42c95ffb\"><\/div>\n<\/div>\n\n\n\n<div style=\"height:1.25rem\" aria-hidden=\"true\" class=\"wp-block-spacer\"><\/div>\n\n\n\n<div class=\"wp-block-columns is-layout-flex wp-container-core-columns-is-layout-28f84493 wp-block-columns-is-layout-flex\">\n<div class=\"wp-block-column is-layout-flow wp-block-column-is-layout-flow\" style=\"flex-basis:100%\">\n<div class=\"wp-block-buttons is-content-justification-center is-layout-flex wp-container-core-buttons-is-layout-a89b3969 wp-block-buttons-is-layout-flex\">\n<div class=\"wp-block-button\"><a class=\"wp-block-button__link wp-element-button\" href=\"https:\/\/mickael-pantin.com\/index.php\/portfolio\/\">Les plus belles images<\/a><\/div>\n\n\n\n<div class=\"wp-block-button\"><a class=\"wp-block-button__link wp-element-button\" href=\"https:\/\/mickael-pantin.com\/index.php\/metallurgie\/\">      M\u00e9tallurgie      <\/a><\/div>\n\n\n\n<div class=\"wp-block-button\"><a class=\"wp-block-button__link wp-element-button\" href=\"https:\/\/mickael-pantin.com\/index.php\/les-sites-mis-en-lumiere\/\">        Energie        <\/a><\/div>\n<\/div>\n<\/div>\n<\/div>\n<\/div>\n\n\n\n<div style=\"height:65px\" aria-hidden=\"true\" class=\"wp-block-spacer\"><\/div>\n\n\n\n<div class=\"wp-block-group alignfull has-global-padding is-layout-constrained wp-container-core-group-is-layout-96e5ebb7 wp-block-group-is-layout-constrained\" style=\"margin-top:0;margin-bottom:0;padding-top:var(--wp--preset--spacing--30);padding-right:var(--wp--preset--spacing--50);padding-bottom:var(--wp--preset--spacing--30);padding-left:var(--wp--preset--spacing--50)\">\n<div class=\"wp-block-group alignwide has-global-padding is-layout-constrained wp-container-core-group-is-layout-b16c113c wp-block-group-is-layout-constrained\">\n<div class=\"wp-block-columns alignwide is-layout-flex wp-container-core-columns-is-layout-d1c656ed wp-block-columns-is-layout-flex\">\n<div class=\"wp-block-column is-vertically-aligned-center is-layout-flow wp-block-column-is-layout-flow\" style=\"flex-basis:44.44%\">\n<h3 class=\"wp-block-heading is-style-default\">Qui suis-je?<\/h3>\n\n\n\n<ul style=\"line-height:1.75\" class=\"wp-block-list is-style-checkmark-list\">\n<li>Laur\u00e9at du concours Auteur Jeunesse 13 &#8211; 18 ans de la F\u00e9d\u00e9ration Francaise de Photographie<\/li>\n\n\n\n<li>15 ans<\/li>\n\n\n\n<li>Membre du collectif de photographes X-23<\/li>\n\n\n\n<li><a href=\"https:\/\/www.instagram.com\/industrie_en_lumiere\/#\">https:\/\/www.instagram.com\/industrie_en_lumiere\/#<\/a><\/li>\n<\/ul>\n<\/div>\n\n\n\n<div class=\"wp-block-column is-layout-flow wp-block-column-is-layout-flow\" style=\"flex-basis:55.56%\">\n<figure class=\"wp-block-image size-full is-style-rounded is-style-rounded--1\"><img loading=\"lazy\" decoding=\"async\" width=\"1024\" height=\"1024\" src=\"https:\/\/mickael-pantin.com\/wp-content\/uploads\/2025\/10\/Image-de.png\" alt=\"\" class=\"wp-image-97\" style=\"aspect-ratio:1.7777777777777777;object-fit:cover\" srcset=\"https:\/\/mickael-pantin.com\/wp-content\/uploads\/2025\/10\/Image-de.png 1024w, https:\/\/mickael-pantin.com\/wp-content\/uploads\/2025\/10\/Image-de-300x300.png 300w, https:\/\/mickael-pantin.com\/wp-content\/uploads\/2025\/10\/Image-de-150x150.png 150w, https:\/\/mickael-pantin.com\/wp-content\/uploads\/2025\/10\/Image-de-768x768.png 768w\" sizes=\"auto, (max-width: 1024px) 100vw, 1024px\" \/><\/figure>\n<\/div>\n<\/div>\n\n\n\n<div style=\"height:64px\" aria-hidden=\"true\" class=\"wp-block-spacer\"><\/div>\n\n\n\n<div class=\"wp-block-columns alignwide is-layout-flex wp-container-core-columns-is-layout-d1c656ed wp-block-columns-is-layout-flex\">\n<div class=\"wp-block-column is-layout-flow wp-block-column-is-layout-flow\" style=\"flex-basis:50%\">\n<figure class=\"wp-block-image size-full is-style-rounded is-style-rounded--2\"><img loading=\"lazy\" decoding=\"async\" width=\"1900\" height=\"1266\" src=\"https:\/\/mickael-pantin.com\/wp-content\/uploads\/2025\/10\/Saint-Gobain-PAM.jpg\" alt=\"\" class=\"wp-image-240\" style=\"aspect-ratio:16\/9;object-fit:cover\" srcset=\"https:\/\/mickael-pantin.com\/wp-content\/uploads\/2025\/10\/Saint-Gobain-PAM.jpg 1900w, https:\/\/mickael-pantin.com\/wp-content\/uploads\/2025\/10\/Saint-Gobain-PAM-300x200.jpg 300w, https:\/\/mickael-pantin.com\/wp-content\/uploads\/2025\/10\/Saint-Gobain-PAM-1024x682.jpg 1024w, https:\/\/mickael-pantin.com\/wp-content\/uploads\/2025\/10\/Saint-Gobain-PAM-768x512.jpg 768w, https:\/\/mickael-pantin.com\/wp-content\/uploads\/2025\/10\/Saint-Gobain-PAM-1536x1023.jpg 1536w\" sizes=\"auto, (max-width: 1900px) 100vw, 1900px\" \/><\/figure>\n<\/div>\n\n\n\n<div class=\"wp-block-column is-vertically-aligned-center is-layout-flow wp-block-column-is-layout-flow\" style=\"flex-basis:40%\">\n<h3 class=\"wp-block-heading is-style-default\">Quel est mon projet?<\/h3>\n\n\n\n<p>On entend souvent parler de la fin de l\u2019industrie en France et du besoin de la faire revivre. Pourtant, j\u2019ai le sentiment que beaucoup de jeunes de ma g\u00e9n\u00e9ration ignorent ce que sont vraiment les sites industriels et leur importance dans le monde.<\/p>\n\n\n\n<ul style=\"line-height:1.75\" class=\"wp-block-list is-style-checkmark-list\">\n<li>montrer la beaut\u00e9 et l\u2019int\u00e9r\u00eat de ces lieux<\/li>\n\n\n\n<li>donner un nouveau visage \u00e0 l\u2019industrie<\/li>\n\n\n\n<li>susciter des nouvelles vocations comme pour moi<\/li>\n<\/ul>\n<\/div>\n<\/div>\n\n\n\n<div class=\"wp-block-columns is-layout-flex wp-container-core-columns-is-layout-28f84493 wp-block-columns-is-layout-flex\">\n<div class=\"wp-block-column is-layout-flow wp-block-column-is-layout-flow\">\n<div style=\"height:64px\" aria-hidden=\"true\" class=\"wp-block-spacer\"><\/div>\n<\/div>\n<\/div>\n<\/div>\n\n\n\n<div class=\"wp-block-group alignwide has-global-padding is-layout-constrained wp-container-core-group-is-layout-b16c113c wp-block-group-is-layout-constrained\">\n<div class=\"wp-block-columns alignwide is-layout-flex wp-container-core-columns-is-layout-d1c656ed wp-block-columns-is-layout-flex\">\n<div class=\"wp-block-column is-vertically-aligned-center is-layout-flow wp-block-column-is-layout-flow\" style=\"flex-basis:44.44%\">\n<h3 class=\"wp-block-heading is-style-default\">Ou trouver L&rsquo;industrie en Lumi\u00e8re?<\/h3>\n\n\n\n<ul style=\"line-height:1.75\" class=\"wp-block-list is-style-checkmark-list\">\n<li>Salons de l&rsquo;industrie (SEPEM&#8230;)<\/li>\n\n\n\n<li>Exposition du collectif<\/li>\n\n\n\n<li>Exposition dans les sites <\/li>\n\n\n\n<li><a href=\"https:\/\/www.instagram.com\/industrie_en_lumiere\/#\">voir mon calendrier<\/a><\/li>\n<\/ul>\n<\/div>\n\n\n\n<div class=\"wp-block-column is-layout-flow wp-block-column-is-layout-flow\" style=\"flex-basis:55.56%\">\n<figure class=\"wp-block-image size-large is-style-rounded is-style-rounded--3\"><img loading=\"lazy\" decoding=\"async\" width=\"1024\" height=\"683\" src=\"https:\/\/mickael-pantin.com\/wp-content\/uploads\/2025\/10\/Engie-solutions-1-1024x683.jpg\" alt=\"\" class=\"wp-image-241\" style=\"aspect-ratio:16\/9;object-fit:cover\" srcset=\"https:\/\/mickael-pantin.com\/wp-content\/uploads\/2025\/10\/Engie-solutions-1-1024x683.jpg 1024w, https:\/\/mickael-pantin.com\/wp-content\/uploads\/2025\/10\/Engie-solutions-1-300x200.jpg 300w, https:\/\/mickael-pantin.com\/wp-content\/uploads\/2025\/10\/Engie-solutions-1-768x512.jpg 768w, https:\/\/mickael-pantin.com\/wp-content\/uploads\/2025\/10\/Engie-solutions-1-1536x1024.jpg 1536w, https:\/\/mickael-pantin.com\/wp-content\/uploads\/2025\/10\/Engie-solutions-1.jpg 1900w\" sizes=\"auto, (max-width: 1024px) 100vw, 1024px\" \/><\/figure>\n<\/div>\n<\/div>\n\n\n\n<div style=\"height:64px\" aria-hidden=\"true\" class=\"wp-block-spacer\"><\/div>\n\n\n\n<div class=\"wp-block-columns alignwide is-layout-flex wp-container-core-columns-is-layout-d1c656ed wp-block-columns-is-layout-flex\">\n<div class=\"wp-block-column is-layout-flow wp-block-column-is-layout-flow\" style=\"flex-basis:50%\">\n<figure class=\"wp-block-image size-large is-style-rounded is-style-rounded--4\"><img loading=\"lazy\" decoding=\"async\" width=\"1024\" height=\"682\" src=\"https:\/\/mickael-pantin.com\/wp-content\/uploads\/2025\/10\/Elynxo-reverse-1-1024x682.jpg\" alt=\"\" class=\"wp-image-242\" style=\"aspect-ratio:16\/9;object-fit:cover\" srcset=\"https:\/\/mickael-pantin.com\/wp-content\/uploads\/2025\/10\/Elynxo-reverse-1-1024x682.jpg 1024w, https:\/\/mickael-pantin.com\/wp-content\/uploads\/2025\/10\/Elynxo-reverse-1-300x200.jpg 300w, https:\/\/mickael-pantin.com\/wp-content\/uploads\/2025\/10\/Elynxo-reverse-1-768x512.jpg 768w, https:\/\/mickael-pantin.com\/wp-content\/uploads\/2025\/10\/Elynxo-reverse-1-1536x1023.jpg 1536w, https:\/\/mickael-pantin.com\/wp-content\/uploads\/2025\/10\/Elynxo-reverse-1.jpg 1900w\" sizes=\"auto, (max-width: 1024px) 100vw, 1024px\" \/><\/figure>\n<\/div>\n\n\n\n<div class=\"wp-block-column is-vertically-aligned-center is-layout-flow wp-block-column-is-layout-flow\" style=\"flex-basis:40%\">\n<h3 class=\"wp-block-heading is-style-default\">Voulez-vous m&rsquo;aider?<\/h3>\n\n\n\n<p>Je recherche activement:<\/p>\n\n\n\n<ul style=\"line-height:1.75\" class=\"wp-block-list is-style-checkmark-list\">\n<li>Des lieux d\u2019exposition pour pr\u00e9senter mon travail, en particulier des \u00e9v\u00e8nements autour de l\u2019industrie ou de l\u2019emploi<\/li>\n\n\n\n<li>Des sites \u00e0 photographier<\/li>\n\n\n\n<li>Du financement pour organiser mes d\u00e9placements et financer les tirages des expositions<\/li>\n<\/ul>\n<\/div>\n<\/div>\n\n\n\n<div class=\"wp-block-columns is-layout-flex wp-container-core-columns-is-layout-28f84493 wp-block-columns-is-layout-flex\">\n<div class=\"wp-block-column is-layout-flow wp-block-column-is-layout-flow\"><\/div>\n\n\n\n<div class=\"wp-block-column is-layout-flow wp-block-column-is-layout-flow\"><\/div>\n<\/div>\n<\/div>\n\n\n\n<div style=\"height:64px\" aria-hidden=\"true\" class=\"wp-block-spacer\"><\/div>\n\n\n\n<p><\/p>\n<\/div>\n<\/div>\n\n\n\n<div class=\"wp-block-group alignfull has-global-padding is-layout-constrained wp-container-core-group-is-layout-d89aad35 wp-block-group-is-layout-constrained\" style=\"margin-top:0;margin-bottom:0;padding-top:var(--wp--preset--spacing--50);padding-right:var(--wp--preset--spacing--50);padding-bottom:var(--wp--preset--spacing--50);padding-left:var(--wp--preset--spacing--50)\">\n<div class=\"wp-block-group alignfull has-global-padding is-layout-constrained wp-container-core-group-is-layout-d89aad35 wp-block-group-is-layout-constrained\" style=\"margin-top:0;margin-bottom:0;padding-top:var(--wp--preset--spacing--50);padding-right:var(--wp--preset--spacing--50);padding-bottom:var(--wp--preset--spacing--50);padding-left:var(--wp--preset--spacing--50)\">\n<div class=\"wp-block-group alignwide has-base-2-background-color has-background has-global-padding is-layout-constrained wp-container-core-group-is-layout-39412042 wp-block-group-is-layout-constrained\" style=\"border-radius:16px;padding-top:var(--wp--preset--spacing--40);padding-right:var(--wp--preset--spacing--50);padding-bottom:var(--wp--preset--spacing--40);padding-left:var(--wp--preset--spacing--50)\">\n<div style=\"height:var(--wp--preset--spacing--10)\" aria-hidden=\"true\" class=\"wp-block-spacer\"><\/div>\n\n\n\n<h2 class=\"wp-block-heading has-text-align-center has-x-large-font-size\">Aidez L&rsquo;industrie en Lumi\u00e8re<\/h2>\n\n\n\n<div class=\"wp-block-buttons is-content-justification-center is-layout-flex wp-container-core-buttons-is-layout-a89b3969 wp-block-buttons-is-layout-flex\"><\/div>\n\n\n\n<div style=\"height:var(--wp--preset--spacing--10)\" aria-hidden=\"true\" class=\"wp-block-spacer\"><\/div>\n\n\n\n<div class=\"wp-block-contact-form-7-contact-form-selector\">\n<div class=\"wpcf7 no-js\" id=\"wpcf7-f16-o1\" lang=\"en-US\" dir=\"ltr\" data-wpcf7-id=\"16\">\n<div class=\"screen-reader-response\"><p role=\"status\" aria-live=\"polite\" aria-atomic=\"true\"><\/p> <ul><\/ul><\/div>\n<form action=\"\/index.php\/wp-json\/wp\/v2\/pages\/534#wpcf7-f16-o1\" method=\"post\" class=\"wpcf7-form init\" aria-label=\"Contact form\" novalidate=\"novalidate\" data-status=\"init\">\n<fieldset class=\"hidden-fields-container\"><input type=\"hidden\" name=\"_wpcf7\" value=\"16\" \/><input type=\"hidden\" name=\"_wpcf7_version\" value=\"6.1.5\" \/><input type=\"hidden\" name=\"_wpcf7_locale\" value=\"en_US\" \/><input type=\"hidden\" name=\"_wpcf7_unit_tag\" value=\"wpcf7-f16-o1\" \/><input type=\"hidden\" name=\"_wpcf7_container_post\" value=\"0\" \/><input type=\"hidden\" name=\"_wpcf7_posted_data_hash\" value=\"\" \/>\n<\/fieldset>\n<p><label> Votre nom<br \/>\n<span class=\"wpcf7-form-control-wrap\" data-name=\"your-name\"><input size=\"40\" maxlength=\"400\" class=\"wpcf7-form-control wpcf7-text wpcf7-validates-as-required\" autocomplete=\"name\" aria-required=\"true\" aria-invalid=\"false\" value=\"\" type=\"text\" name=\"your-name\" \/><\/span> <\/label>\n<\/p>\n<p><label> Votre email<br \/>\n<span class=\"wpcf7-form-control-wrap\" data-name=\"your-email\"><input size=\"40\" maxlength=\"400\" class=\"wpcf7-form-control wpcf7-email wpcf7-validates-as-required wpcf7-text wpcf7-validates-as-email\" autocomplete=\"email\" aria-required=\"true\" aria-invalid=\"false\" value=\"\" type=\"email\" name=\"your-email\" \/><\/span> <\/label>\n<\/p>\n<p><label> Sujet<br \/>\n<span class=\"wpcf7-form-control-wrap\" data-name=\"your-subject\"><input size=\"40\" maxlength=\"400\" class=\"wpcf7-form-control wpcf7-text wpcf7-validates-as-required\" aria-required=\"true\" aria-invalid=\"false\" value=\"\" type=\"text\" name=\"your-subject\" \/><\/span> <\/label>\n<\/p>\n<p><label> Votre message (optionnel)<br \/>\n<span class=\"wpcf7-form-control-wrap\" data-name=\"your-message\"><textarea cols=\"40\" rows=\"10\" maxlength=\"2000\" class=\"wpcf7-form-control wpcf7-textarea\" aria-invalid=\"false\" name=\"your-message\"><\/textarea><\/span> <\/label>\n<\/p>\n<p><input class=\"wpcf7-form-control wpcf7-submit has-spinner\" type=\"submit\" value=\"Soumettre\" \/>\n<\/p><div class=\"wpcf7-response-output\" aria-hidden=\"true\"><\/div>\n<\/form>\n<\/div>\n<\/div>\n<\/div>\n<\/div>\n\n\n\n<div class=\"wp-block-group alignwide has-global-padding is-layout-constrained wp-block-group-is-layout-constrained\"><\/div>\n<\/div>\n\n\n\n<main class=\"wp-block-group is-layout-flow wp-container-core-group-is-layout-bb62f62d wp-block-group-is-layout-flow\" style=\"margin-top:0\"><\/main>\n","protected":false},"excerpt":{"rendered":"<p>L&rsquo;industrie en Lumi\u00e8re Qui suis-je? Quel est mon projet? On entend souvent parler de la fin de l\u2019industrie en France et du besoin de la faire revivre. Pourtant, j\u2019ai le sentiment que beaucoup de jeunes de ma g\u00e9n\u00e9ration ignorent ce que sont vraiment les sites industriels et leur importance dans le monde. Ou trouver L&rsquo;industrie [&hellip;]<\/p>\n","protected":false},"author":1,"featured_media":0,"parent":0,"menu_order":0,"comment_status":"closed","ping_status":"closed","template":"page-no-title","meta":{"ngg_post_thumbnail":0,"footnotes":""},"class_list":["post-534","page","type-page","status-publish","hentry"],"_links":{"self":[{"href":"https:\/\/mickael-pantin.com\/index.php\/wp-json\/wp\/v2\/pages\/534","targetHints":{"allow":["GET"]}}],"collection":[{"href":"https:\/\/mickael-pantin.com\/index.php\/wp-json\/wp\/v2\/pages"}],"about":[{"href":"https:\/\/mickael-pantin.com\/index.php\/wp-json\/wp\/v2\/types\/page"}],"author":[{"embeddable":true,"href":"https:\/\/mickael-pantin.com\/index.php\/wp-json\/wp\/v2\/users\/1"}],"replies":[{"embeddable":true,"href":"https:\/\/mickael-pantin.com\/index.php\/wp-json\/wp\/v2\/comments?post=534"}],"version-history":[{"count":9,"href":"https:\/\/mickael-pantin.com\/index.php\/wp-json\/wp\/v2\/pages\/534\/revisions"}],"predecessor-version":[{"id":572,"href":"https:\/\/mickael-pantin.com\/index.php\/wp-json\/wp\/v2\/pages\/534\/revisions\/572"}],"wp:attachment":[{"href":"https:\/\/mickael-pantin.com\/index.php\/wp-json\/wp\/v2\/media?parent=534"}],"curies":[{"name":"wp","href":"https:\/\/api.w.org\/{rel}","templated":true}]}}